{"id":24,"date":"2019-02-01T14:10:39","date_gmt":"2019-02-01T13:10:39","guid":{"rendered":"https:\/\/interkat.com\/?page_id=24"},"modified":"2019-02-28T13:11:38","modified_gmt":"2019-02-28T12:11:38","slug":"imprint","status":"publish","type":"page","link":"https:\/\/interkat.com\/en\/imprint\/","title":{"rendered":"Imprint"},"content":{"rendered":"\n<p><strong>Information pursuant to section 5 of the German Telemedia Act (TMG):<br><br>INTERKAT Catalyst GmbH<\/strong><br>Eduard-Rhein-Stra\u00dfe 25<br>53639 K\u00f6nigswinter<\/p>\n\n\n\n<p><strong>Authorised representatives:<\/strong><\/p>\n\n\n\n<p>Dr. J\u00f6rg Spengler<\/p>\n\n\n\n<p><strong>Contact:<\/strong><\/p>\n\n\n\n<p>Telephone: +49(0)2244 87 88 0<br>Fax: +49(0)2244 87 88 685<\/p>\n\n\n\n<p>E-mail:&nbsp;<a href=\"javascript:linkTo_UnCryptMailto('pdlowr-lqirClqwhundw1frp');\">info(at)interkat.com<\/a><br>Internet:&nbsp;<a href=\"http:\/\/www.interkat.com\/\" target=\"_blank\" rel=\"noreferrer noopener\">www.interkat.com<\/a><\/p>\n\n\n\n<p><strong>Registry entry:<\/strong><\/p>\n\n\n\n<p>Entry in commercial registry:<br>Registration office: Local court, Siegburg<br>Registration number: HRB 14200<br><strong><br>VAT-ID:<\/strong><\/p>\n\n\n\n<p>Value added tax identification number in accordance with section 27 a German VAT Law (UStG):<br>DE 815653424<\/p>\n\n\n\n<p><strong>Responsible for the content according to section 55 Para. 2 German Treaty on Broadcasting (RStV):&nbsp;<\/strong><\/p>\n\n\n\n<p>Dr. J\u00f6rg Spengler<br>Eduard-Rhein-Stra\u00dfe 25<br>53639 K\u00f6nigswinter<\/p>\n\n\n\n<p><strong>Conception, design, programming and hosting:<\/strong><\/p>\n\n\n\n<p><a href=\"https:\/\/www.pixelblvd.de\/\" target=\"_blank\" rel=\"noreferrer noopener\">Pixel Boulevard Webdesign, Recklinghausen\ufeff<\/a><\/p>\n\n\n\n<p>Liability disclaimer: Despite careful control of the contents, we assume no liability for the contents of external links. The contents of the linked sites are the sole responsibility of the operators of the sites. The contents of the German version are legally binding.<\/p>\n","protected":false},"excerpt":{"rendered":"<p>Information pursuant to section 5 of the German Telemedia Act (TMG): INTERKAT Catalyst GmbHEduard-Rhein-Stra\u00dfe 2553639 K\u00f6nigswinter Authorised representatives: Dr. J\u00f6rg Spengler Contact: Telephone: +49(0)2244 87 88 0Fax: +49(0)2244 87 88 685 E-mail:&nbsp;info(at)interkat.comInternet:&nbsp;www.interkat.com Registry entry: Entry in commercial registry:Registration office: Local court, SiegburgRegistration number: HRB 14200VAT-ID: Value added tax identification number in accordance with section 27<a class=\"excerpt-read-more\" href=\"https:\/\/interkat.com\/en\/imprint\/\" title=\"ReadImprint\">&#8230; Read more &raquo;<\/a><\/p>\n","protected":false},"author":1,"featured_media":0,"parent":0,"menu_order":0,"comment_status":"closed","ping_status":"closed","template":"template-full-width.php","meta":{"_acf_changed":false,"advgb_blocks_editor_width":"","advgb_blocks_columns_visual_guide":"","footnotes":""},"class_list":["post-24","page","type-page","status-publish","hentry"],"acf":[],"yoast_head":"<!-- This site is optimized with the Yoast SEO plugin v26.9 - https:\/\/yoast.com\/product\/yoast-seo-wordpress\/ -->\n<title>Imprint - Interkat<\/title>\n<meta name=\"robots\" content=\"index, follow, max-snippet:-1, max-image-preview:large, max-video-preview:-1\" \/>\n<link rel=\"canonical\" href=\"https:\/\/interkat.com\/en\/imprint\/\" \/>\n<meta property=\"og:locale\" content=\"en_US\" \/>\n<meta property=\"og:type\" content=\"article\" \/>\n<meta property=\"og:title\" content=\"Imprint - Interkat\" \/>\n<meta property=\"og:description\" content=\"Information pursuant to section 5 of the German Telemedia Act (TMG): INTERKAT Catalyst GmbHEduard-Rhein-Stra\u00dfe 2553639 K\u00f6nigswinter Authorised representatives: Dr. J\u00f6rg Spengler Contact: Telephone: +49(0)2244 87 88 0Fax: +49(0)2244 87 88 685 E-mail:&nbsp;info(at)interkat.comInternet:&nbsp;www.interkat.com Registry entry: Entry in commercial registry:Registration office: Local court, SiegburgRegistration number: HRB 14200VAT-ID: Value added tax identification number in accordance with section 27... Read more &raquo;\" \/>\n<meta property=\"og:url\" content=\"https:\/\/interkat.com\/en\/imprint\/\" \/>\n<meta property=\"og:site_name\" content=\"Interkat\" \/>\n<meta property=\"article:modified_time\" content=\"2019-02-28T12:11:38+00:00\" \/>\n<meta name=\"twitter:card\" content=\"summary_large_image\" \/>\n<meta name=\"twitter:label1\" content=\"Est. reading time\" \/>\n\t<meta name=\"twitter:data1\" content=\"1 minute\" \/>\n<script type=\"application\/ld+json\" class=\"yoast-schema-graph\">{\"@context\":\"https:\/\/schema.org\",\"@graph\":[{\"@type\":\"WebPage\",\"@id\":\"https:\/\/interkat.com\/en\/imprint\/\",\"url\":\"https:\/\/interkat.com\/en\/imprint\/\",\"name\":\"Imprint - Interkat\",\"isPartOf\":{\"@id\":\"https:\/\/interkat.com\/en\/#website\"},\"datePublished\":\"2019-02-01T13:10:39+00:00\",\"dateModified\":\"2019-02-28T12:11:38+00:00\",\"breadcrumb\":{\"@id\":\"https:\/\/interkat.com\/en\/imprint\/#breadcrumb\"},\"inLanguage\":\"en-US\",\"potentialAction\":[{\"@type\":\"ReadAction\",\"target\":[\"https:\/\/interkat.com\/en\/imprint\/\"]}]},{\"@type\":\"BreadcrumbList\",\"@id\":\"https:\/\/interkat.com\/en\/imprint\/#breadcrumb\",\"itemListElement\":[{\"@type\":\"ListItem\",\"position\":1,\"name\":\"Home\",\"item\":\"https:\/\/interkat.com\/en\/\"},{\"@type\":\"ListItem\",\"position\":2,\"name\":\"Imprint\"}]},{\"@type\":\"WebSite\",\"@id\":\"https:\/\/interkat.com\/en\/#website\",\"url\":\"https:\/\/interkat.com\/en\/\",\"name\":\"Interkat\",\"description\":\"Der Spezialanbieter f\u00fcr Umweltkatalysatoren\",\"potentialAction\":[{\"@type\":\"SearchAction\",\"target\":{\"@type\":\"EntryPoint\",\"urlTemplate\":\"https:\/\/interkat.com\/en\/?s={search_term_string}\"},\"query-input\":{\"@type\":\"PropertyValueSpecification\",\"valueRequired\":true,\"valueName\":\"search_term_string\"}}],\"inLanguage\":\"en-US\"}]}<\/script>\n<!-- \/ Yoast SEO plugin. -->","yoast_head_json":{"title":"Imprint - Interkat","robots":{"index":"index","follow":"follow","max-snippet":"max-snippet:-1","max-image-preview":"max-image-preview:large","max-video-preview":"max-video-preview:-1"},"canonical":"https:\/\/interkat.com\/en\/imprint\/","og_locale":"en_US","og_type":"article","og_title":"Imprint - Interkat","og_description":"Information pursuant to section 5 of the German Telemedia Act (TMG): INTERKAT Catalyst GmbHEduard-Rhein-Stra\u00dfe 2553639 K\u00f6nigswinter Authorised representatives: Dr. J\u00f6rg Spengler Contact: Telephone: +49(0)2244 87 88 0Fax: +49(0)2244 87 88 685 E-mail:&nbsp;info(at)interkat.comInternet:&nbsp;www.interkat.com Registry entry: Entry in commercial registry:Registration office: Local court, SiegburgRegistration number: HRB 14200VAT-ID: Value added tax identification number in accordance with section 27... Read more &raquo;","og_url":"https:\/\/interkat.com\/en\/imprint\/","og_site_name":"Interkat","article_modified_time":"2019-02-28T12:11:38+00:00","twitter_card":"summary_large_image","twitter_misc":{"Est. reading time":"1 minute"},"schema":{"@context":"https:\/\/schema.org","@graph":[{"@type":"WebPage","@id":"https:\/\/interkat.com\/en\/imprint\/","url":"https:\/\/interkat.com\/en\/imprint\/","name":"Imprint - Interkat","isPartOf":{"@id":"https:\/\/interkat.com\/en\/#website"},"datePublished":"2019-02-01T13:10:39+00:00","dateModified":"2019-02-28T12:11:38+00:00","breadcrumb":{"@id":"https:\/\/interkat.com\/en\/imprint\/#breadcrumb"},"inLanguage":"en-US","potentialAction":[{"@type":"ReadAction","target":["https:\/\/interkat.com\/en\/imprint\/"]}]},{"@type":"BreadcrumbList","@id":"https:\/\/interkat.com\/en\/imprint\/#breadcrumb","itemListElement":[{"@type":"ListItem","position":1,"name":"Home","item":"https:\/\/interkat.com\/en\/"},{"@type":"ListItem","position":2,"name":"Imprint"}]},{"@type":"WebSite","@id":"https:\/\/interkat.com\/en\/#website","url":"https:\/\/interkat.com\/en\/","name":"Interkat","description":"Der Spezialanbieter f\u00fcr Umweltkatalysatoren","potentialAction":[{"@type":"SearchAction","target":{"@type":"EntryPoint","urlTemplate":"https:\/\/interkat.com\/en\/?s={search_term_string}"},"query-input":{"@type":"PropertyValueSpecification","valueRequired":true,"valueName":"search_term_string"}}],"inLanguage":"en-US"}]}},"coauthors":[],"author_meta":{"author_link":"https:\/\/interkat.com\/en\/author\/pixelblvd\/","display_name":"pixelblvd"},"relative_dates":{"created":"Posted 7 years ago","modified":"Updated 7 years ago"},"absolute_dates":{"created":"Posted on 1. February 2019","modified":"Updated on 28. February 2019"},"absolute_dates_time":{"created":"Posted on 1. February 2019 14:10","modified":"Updated on 28. February 2019 13:11"},"featured_img_caption":"","_links":{"self":[{"href":"https:\/\/interkat.com\/en\/wp-json\/wp\/v2\/pages\/24","targetHints":{"allow":["GET"]}}],"collection":[{"href":"https:\/\/interkat.com\/en\/wp-json\/wp\/v2\/pages"}],"about":[{"href":"https:\/\/interkat.com\/en\/wp-json\/wp\/v2\/types\/page"}],"author":[{"embeddable":true,"href":"https:\/\/interkat.com\/en\/wp-json\/wp\/v2\/users\/1"}],"replies":[{"embeddable":true,"href":"https:\/\/interkat.com\/en\/wp-json\/wp\/v2\/comments?post=24"}],"version-history":[{"count":3,"href":"https:\/\/interkat.com\/en\/wp-json\/wp\/v2\/pages\/24\/revisions"}],"predecessor-version":[{"id":326,"href":"https:\/\/interkat.com\/en\/wp-json\/wp\/v2\/pages\/24\/revisions\/326"}],"wp:attachment":[{"href":"https:\/\/interkat.com\/en\/wp-json\/wp\/v2\/media?parent=24"}],"curies":[{"name":"wp","href":"https:\/\/api.w.org\/{rel}","templated":true}]}}